{"id":1740,"date":"2025-06-03T19:26:24","date_gmt":"2025-06-03T17:26:24","guid":{"rendered":"https:\/\/wordpress.faneco.com\/customers\/"},"modified":"2025-06-13T05:05:49","modified_gmt":"2025-06-13T03:05:49","slug":"customers","status":"publish","type":"page","link":"https:\/\/b2b.faneco.com\/en\/customers\/","title":{"rendered":"Customers"},"content":{"rendered":"<section class=\"hero-intro\">\n\n    <div class=\"container hero-intro__container\">\n\n        <nav aria-label=\"breadcrumbs\" class=\"rank-math-breadcrumb\"><p><span class=\"last\">Faneco<\/span><\/p><\/nav>\n        <header class=\"hero-intro__headerbox\">\n\n            <p>FANECO CUSTOMERS<\/p>\n<p><strong>Realizations and references<\/strong><\/p>\n<p>&nbsp;<\/p>\n<p>&nbsp;<\/p>\n\n        <\/header>\n\n    <\/div>\n\n    \n<\/section>\n    <section class=\"contact-departments\">\n\n        <div class=\"container contact-departments__container\">\n\n            <div class=\"item-contact-department\">\n\n    <h2 class=\"item-contact-department__title\">\n\n        Educational and cultural institutions\n    <\/h2>\n\n    \n        <div class=\"item-contact-department__contentbox\">\n\n            <div class=\"item-contact-info\">\n\n    \n    <div class=\"item-contact-info__headerbox\">\n\n        <p>Warsaw University Library<\/p>\n\n    <\/div>\n\n    <div class=\"item-contact-info__content\">\n\n        <p>Supply and installation of bathroom facilities, including those for people with disabilities.<\/p>\n<p><a href=\"https:\/\/wordpress.faneco.com\/biblioteka-uniwersytecka-w-warszawie\/\" target=\"_blank\" rel=\"noopener\">See implementation<\/a><\/p>\n\n    <\/div>\n\n<\/div><div class=\"item-contact-info\">\n\n    \n    <div class=\"item-contact-info__headerbox\">\n\n        <p>KARMAR<\/p>\n\n    <\/div>\n\n    <div class=\"item-contact-info__content\">\n\n        <p>Supply and installation of bathroom equipment at the JA Comenius State Higher Vocational School in Leszno. <\/p>\n<p><a href=\"https:\/\/wordpress.faneco.com\/wp-content\/uploads\/2025\/06\/Karmar-Warszawa.pdf\" target=\"_blank\" rel=\"noopener\">Reference letter  <\/a><\/p>\n\n    <\/div>\n\n<\/div><div class=\"item-contact-info\">\n\n    \n    <div class=\"item-contact-info__headerbox\">\n\n        <p>MOSTOSTAL Warsaw<\/p>\n\n    <\/div>\n\n    <div class=\"item-contact-info__content\">\n\n        <p>Supply and installation of saintariats for the Faculty of Law and Administration of the Adam Mickiewicz University in Poznan. <\/p>\n<p><a href=\"https:\/\/wordpress.faneco.com\/wp-content\/uploads\/2025\/06\/Mostostal-Warszwa-UAM-Poznan.pdf\" target=\"_blank\" rel=\"noopener\">Reference letter<\/a><\/p>\n\n    <\/div>\n\n<\/div><div class=\"item-contact-info\">\n\n    \n    <div class=\"item-contact-info__headerbox\">\n\n        <p>MIRBUD<\/p>\n\n    <\/div>\n\n    <div class=\"item-contact-info__content\">\n\n        <p>Supply and installation of sanitary facilities in the newly built Fair and Conference Centre &#8220;Arena Ostr\u00f3da<a href=\"https:\/\/wordpress.faneco.com\/wp-content\/uploads\/2025\/06\/Mirbud-Skierniewice.pdf\" target=\"_blank\" rel=\"noopener\">&#8220;&#8221;<\/a><\/p>\n<p>Reference letter<\/p>\n\n    <\/div>\n\n<\/div><div class=\"item-contact-info\">\n\n    \n    <div class=\"item-contact-info__headerbox\">\n\n        <p>OPB DEVELOPMENT<\/p>\n\n    <\/div>\n\n    <div class=\"item-contact-info__content\">\n\n        <p>Supply of toilet equipment for the Ostroda amphitheater building.<\/p>\n<p><a href=\"https:\/\/wordpress.faneco.com\/wp-content\/uploads\/2025\/06\/OPB-Development-Warszawa.pdf\" target=\"_blank\" rel=\"noopener\">Reference letter<\/a><\/p>\n\n    <\/div>\n\n<\/div><div class=\"item-contact-info\">\n\n    \n    <div class=\"item-contact-info__headerbox\">\n\n        <h2>Media Memo<\/h2>\n\n    <\/div>\n\n    <div class=\"item-contact-info__content\">\n\n        <p>Supply of restroom equipment for the Mediatheque.<\/p>\n<p><a href=\"https:\/\/wordpress.faneco.com\/mediateka-memo-biblioteka-miejska-w-lodzi\/\" target=\"_blank\" rel=\"noopener\">See implementation<\/a><\/p>\n\n    <\/div>\n\n<\/div>\n        <\/div>\n\n    \n<\/div><div class=\"item-contact-department\">\n\n    <h2 class=\"item-contact-department__title\">\n\n        Hotel and accommodation services\n    <\/h2>\n\n    \n        <div class=\"item-contact-department__contentbox\">\n\n            <div class=\"item-contact-info\">\n\n    \n    <div class=\"item-contact-info__headerbox\">\n\n        <p>Sheraton Sopot Hotel<\/p>\n\n    <\/div>\n\n    <div class=\"item-contact-info__content\">\n\n        <p>Supply of baby changing stations.<\/p>\n<p><a href=\"https:\/\/wordpress.faneco.com\/wp-content\/uploads\/2025\/06\/Sheraton-Sopot.pdf\" target=\"_blank\" rel=\"noopener\">Reference letter<\/a><\/p>\n\n    <\/div>\n\n<\/div>\n        <\/div>\n\n    \n<\/div><div class=\"item-contact-department\">\n\n    <h2 class=\"item-contact-department__title\">\n\n        Sports facilities\n    <\/h2>\n\n    \n        <div class=\"item-contact-department__contentbox\">\n\n            <div class=\"item-contact-info\">\n\n    \n    <div class=\"item-contact-info__headerbox\">\n\n        <p>UNIBEP<\/p>\n\n    <\/div>\n\n    <div class=\"item-contact-info__content\">\n\n        <p>Supply and installation of toilet equipment in the Aqua Lublin Swimming Pool building.<\/p>\n<p><a href=\"https:\/\/wordpress.faneco.com\/wp-content\/uploads\/2025\/06\/Unibep-Bielsk-Podlaski.pdf\" target=\"_blank\" rel=\"noopener\">Reference letter<\/a><\/p>\n\n    <\/div>\n\n<\/div><div class=\"item-contact-info\">\n\n    \n    <div class=\"item-contact-info__headerbox\">\n\n        <p>POLSPORT SA<\/p>\n\n    <\/div>\n\n    <div class=\"item-contact-info__content\">\n\n        <p>Supply of sanitary equipment for sports facilities.<\/p>\n<p><a href=\"https:\/\/wordpress.faneco.com\/wp-content\/uploads\/2025\/06\/POLSPORT-Bielsko-Biala.pdf\" target=\"_blank\" rel=\"noopener\">Reference letter<\/a><\/p>\n\n    <\/div>\n\n<\/div><div class=\"item-contact-info\">\n\n    \n    <div class=\"item-contact-info__headerbox\">\n\n        <p>Obrascon Huarte Lain<\/p>\n\n    <\/div>\n\n    <div class=\"item-contact-info__content\">\n\n        <p>Supply of toilet equipment as part of the investment entitled: \u201cConstruction of a football stadium in the north-eastern region of Poland with training facilities in Bia\u0142ystok\u201d<\/p>\n<p><a href=\"https:\/\/wordpress.faneco.com\/wp-content\/uploads\/2025\/06\/Obrascon-Huarte-Lain-Madrid.pdf\" target=\"_blank\" rel=\"noopener\">Letter of reference<\/a><\/p>\n\n    <\/div>\n\n<\/div><div class=\"item-contact-info\">\n\n    \n    <div class=\"item-contact-info__headerbox\">\n\n        <p>MOSTOSTAL Warsaw<\/p>\n\n    <\/div>\n\n    <div class=\"item-contact-info__content\">\n\n        <p>Supply of sanitary equipment for the Baseball Tourist-Recreation-Sport Complex in Kutno (construction of Aquapark).<\/p>\n<p><a href=\"https:\/\/wordpress.faneco.com\/wp-content\/uploads\/2025\/06\/Mostostal-Warszwa-Aquapark-Kutno.pdf\" target=\"_blank\" rel=\"noopener\">Reference letter<\/a><\/p>\n\n    <\/div>\n\n<\/div><div class=\"item-contact-info\">\n\n    \n    <div class=\"item-contact-info__headerbox\">\n\n        <p>BUDIMEX<\/p>\n\n    <\/div>\n\n    <div class=\"item-contact-info__content\">\n\n        <p>Supply and installation of sanitary equipment at the Athletics Stadium in Lublin<\/p>\n<p><a href=\"https:\/\/wordpress.faneco.com\/wp-content\/uploads\/2025\/06\/Budimex-Warszwa-Sadion-Lublin.pdf\" target=\"_blank\" rel=\"noopener\">Reference letter<\/a><\/p>\n\n    <\/div>\n\n<\/div><div class=\"item-contact-info\">\n\n    \n    <div class=\"item-contact-info__headerbox\">\n\n        <p>BUDIMEX<\/p>\n\n    <\/div>\n\n    <div class=\"item-contact-info__content\">\n\n        <p>Equipment of sanitary facilities at the Municipal Stadium \u201cArena Lublin\u201d.<\/p>\n<p><a href=\"https:\/\/wordpress.faneco.com\/wp-content\/uploads\/2025\/06\/Budimex-Stadion-Lublin.pdf\" target=\"_blank\" rel=\"noopener\">Reference letter<\/a><\/p>\n\n    <\/div>\n\n<\/div>\n        <\/div>\n\n    \n<\/div><div class=\"item-contact-department\">\n\n    <h2 class=\"item-contact-department__title\">\n\n        Mass events\n    <\/h2>\n\n    \n        <div class=\"item-contact-department__contentbox\">\n\n            <div class=\"item-contact-info\">\n\n    \n    <div class=\"item-contact-info__headerbox\">\n\n        <p>TOI-TOI<\/p>\n\n    <\/div>\n\n    <div class=\"item-contact-info__content\">\n\n        <p>Cooperation in the supply of sanitary equipment for Toi-Toi booths.<\/p>\n<p><a href=\"https:\/\/wordpress.faneco.com\/wp-content\/uploads\/2025\/06\/TOI-TOI-Warszawa.pdf\" target=\"_blank\" rel=\"noopener\">Refrain letter<\/a><\/p>\n\n    <\/div>\n\n<\/div>\n        <\/div>\n\n    \n<\/div><div class=\"item-contact-department\">\n\n    <h2 class=\"item-contact-department__title\">\n\n        Offices and offices\n    <\/h2>\n\n    \n        <div class=\"item-contact-department__contentbox\">\n\n            <div class=\"item-contact-info\">\n\n    \n    <div class=\"item-contact-info__headerbox\">\n\n        <p>Jastrz\u0119bie-Zdr\u00f3j City Hall<\/p>\n\n    <\/div>\n\n    <div class=\"item-contact-info__content\">\n\n        <p>Supply of baby changing stations.<\/p>\n<p><a href=\"https:\/\/wordpress.faneco.com\/wp-content\/uploads\/2025\/06\/Urzad-Miasta-Jastrzebie-Zdroj.pdf\" target=\"_blank\" rel=\"noopener\">Reference letter<\/a><\/p>\n\n    <\/div>\n\n<\/div><div class=\"item-contact-info\">\n\n    \n    <div class=\"item-contact-info__headerbox\">\n\n        <p>M. Capital City Warsaw &#8211; Bemowo<\/p>\n\n    <\/div>\n\n    <div class=\"item-contact-info__content\">\n\n        <p>Equipping the office with baby changing stations.<\/p>\n<p><a href=\"https:\/\/wordpress.faneco.com\/wp-content\/uploads\/2025\/06\/Miasto-Stoleczne-Warszawa.pdf\" target=\"_blank\" rel=\"noopener\">Reference letter<\/a><\/p>\n\n    <\/div>\n\n<\/div><div class=\"item-contact-info\">\n\n    \n    <div class=\"item-contact-info__headerbox\">\n\n        <p>HOCHTIEF Poland<\/p>\n\n    <\/div>\n\n    <div class=\"item-contact-info__content\">\n\n        <p>Supply and installation of bathroom equipment during the construction of the Thermal Treatment Plant for Municipal Waste &#8211; ITPOK in Pozna\u0144.<\/p>\n<p><a href=\"https:\/\/wordpress.faneco.com\/wp-content\/uploads\/2025\/06\/Hochtief-Poznan.pdf\" target=\"_blank\" rel=\"noopener\">Letter of reference<\/a><\/p>\n\n    <\/div>\n\n<\/div><div class=\"item-contact-info\">\n\n    \n    <div class=\"item-contact-info__headerbox\">\n\n        <p>CFE Poland<\/p>\n\n    <\/div>\n\n    <div class=\"item-contact-info__content\">\n\n        <p>Supply and installation of sanitary facilities in the VALEO Production and Warehouse Hall in Skawina.<\/p>\n<p><a href=\"https:\/\/wordpress.faneco.com\/wp-content\/uploads\/2025\/06\/CFE-Polska-Warszawa.pdf\" target=\"_blank\" rel=\"noopener\">Reference letter<\/a><\/p>\n\n    <\/div>\n\n<\/div><div class=\"item-contact-info\">\n\n    \n    <div class=\"item-contact-info__headerbox\">\n\n        <h1>Giant Office Pozna\u0144<\/h1>\n\n    <\/div>\n\n    <div class=\"item-contact-info__content\">\n\n        <p>Outfitting the restrooms in the Giant Office building with an exclusive collection of accessories.<\/p>\n<p><a href=\"https:\/\/faneco.com\/blog\/giant-office-poznan\" target=\"_blank\" rel=\"noopener\">View completion<\/a><\/p>\n\n    <\/div>\n\n<\/div><div class=\"item-contact-info\">\n\n    \n    <div class=\"item-contact-info__headerbox\">\n\n        <h1>SkySawa PKO Bank Polski Warsaw<\/h1>\n\n    <\/div>\n\n    <div class=\"item-contact-info__content\">\n\n        <p>Collaborating with general contractors Colliers and Transtolbud to furnish restrooms in the SKYSAWA high-rise building.<\/p>\n<p><a href=\"https:\/\/wordpress.faneco.com\/skysawa-pko-bank-polski-warszawa\/\" target=\"_blank\" rel=\"noopener\">View completion<\/a><\/p>\n\n    <\/div>\n\n<\/div><div class=\"item-contact-info\">\n\n    \n    <div class=\"item-contact-info__headerbox\">\n\n        <p>Forest office campus &#8211; Warsaw<\/p>\n\n    <\/div>\n\n    <div class=\"item-contact-info__content\">\n\n        <p>Delivery of bathroom equipment from the \u201cHit Black\u201d series, in accordance with the biophilic design philosophy at the core of the Forest concept.<\/p>\n<p><a href=\"https:\/\/wordpress.faneco.com\/kampus-biurowy-forest-warszawa\/\" target=\"_blank\" rel=\"noopener\">See implementation<\/a><\/p>\n\n    <\/div>\n\n<\/div><div class=\"item-contact-info\">\n\n    \n    <div class=\"item-contact-info__headerbox\">\n\n        <h2><strong>Gdansk Business Center, Warsaw<\/strong><\/h2>\n\n    <\/div>\n\n    <div class=\"item-contact-info__content\">\n\n        <p>Supply of bathroom furnishings for the project, in close cooperation with investor Polcom Investment and main contractor HB Reavis.<\/p>\n<p><a href=\"https:\/\/wordpress.faneco.com\/gdanski-business-center\/\" target=\"_blank\" rel=\"noopener\">See implementation<\/a>.<\/p>\n\n    <\/div>\n\n<\/div>\n        <\/div>\n\n    \n<\/div><div class=\"item-contact-department\">\n\n    <h2 class=\"item-contact-department__title\">\n\n        Stores and shopping centers, mixed-use developments\n    <\/h2>\n\n    \n        <div class=\"item-contact-department__contentbox\">\n\n            <div class=\"item-contact-info\">\n\n    \n    <div class=\"item-contact-info__headerbox\">\n\n        <h1>Janki Shopping Center<\/h1>\n\n    <\/div>\n\n    <div class=\"item-contact-info__content\">\n\n        <p>Supply of toilet equipment, including for people with disabilities.<\/p>\n<p><a href=\"https:\/\/wordpress.faneco.com\/centrum-handlowe-janki\/\" target=\"_blank\" rel=\"noopener\">See implementation<\/a>.<\/p>\n\n    <\/div>\n\n<\/div><div class=\"item-contact-info\">\n\n    \n    <div class=\"item-contact-info__headerbox\">\n\n        <h2><strong>Koneser Press Center<\/strong><\/h2>\n\n    <\/div>\n\n    <div class=\"item-contact-info__content\">\n\n        <p>Furnishing of toilets (in cooperation with the investor BBI Development NFI and the contractor Erbud S.A).<\/p>\n<p><a href=\"https:\/\/wordpress.faneco.com\/centrum-praskie-koneser\/\" target=\"_blank\" rel=\"noopener\">See realization<\/a>.<\/p>\n\n    <\/div>\n\n<\/div><div class=\"item-contact-info\">\n\n    \n    <div class=\"item-contact-info__headerbox\">\n\n        <h1>Norblin Factory<\/h1>\n\n    <\/div>\n\n    <div class=\"item-contact-info__content\">\n\n        <p>Equipping restrooms, including those for people with disabilities at the complex.<\/p>\n<p><a href=\"https:\/\/wordpress.faneco.com\/fabryka-norblina\/\" target=\"_blank\" rel=\"noopener\">See implementation<\/a>.<\/p>\n\n    <\/div>\n\n<\/div><div class=\"item-contact-info\">\n\n    \n    <div class=\"item-contact-info__headerbox\">\n\n        <p>Warbud<\/p>\n\n    <\/div>\n\n    <div class=\"item-contact-info__content\">\n\n        <p>Supply and installation of sanitary equipment for the Nova Park Shopping Center building in Gorzow Wielkopolski.<\/p>\n<p><a href=\"https:\/\/wordpress.faneco.com\/wp-content\/uploads\/2025\/06\/WARBUD-Warszawa.pdf\" target=\"_blank\" rel=\"noopener\">Reference letter<\/a><\/p>\n\n    <\/div>\n\n<\/div><div class=\"item-contact-info\">\n\n    \n    <div class=\"item-contact-info__headerbox\">\n\n        <p>DALDEHOG<\/p>\n\n    <\/div>\n\n    <div class=\"item-contact-info__content\">\n\n        <p>Supply and installation of toilet equipment at the Leroy Merlin store in Konin.<\/p>\n<p><a href=\"https:\/\/wordpress.faneco.com\/wp-content\/uploads\/2025\/06\/Daldehog-Raszyn.pdf\" target=\"_blank\" rel=\"noopener\">Letter of reference<\/a><\/p>\n\n    <\/div>\n\n<\/div><div class=\"item-contact-info\">\n\n    \n    <div class=\"item-contact-info__headerbox\">\n\n        <p>BUDIMEX<\/p>\n\n    <\/div>\n\n    <div class=\"item-contact-info__content\">\n\n        <p>Supplier of baby changing stations to \u201cFactory Annopol Outlet Center\u201d<\/p>\n<p><a href=\"https:\/\/wordpress.faneco.com\/wp-content\/uploads\/2025\/06\/Budimex-Warszawa-Annopol.pdf\" target=\"_blank\" rel=\"noopener\">Letter of reference<\/a><\/p>\n\n    <\/div>\n\n<\/div>\n        <\/div>\n\n    \n<\/div><div class=\"item-contact-department\">\n\n    <h2 class=\"item-contact-department__title\">\n\n        Transport infrastructure\n    <\/h2>\n\n    \n        <div class=\"item-contact-department__contentbox\">\n\n            <div class=\"item-contact-info\">\n\n    \n    <div class=\"item-contact-info__headerbox\">\n\n        <p>Metro Warsaw<\/p>\n<p>Metro A and Metro B<\/p>\n\n    <\/div>\n\n    <div class=\"item-contact-info__content\">\n\n        <p>Comprehensive consulting, supply and installation of sanitary products on Metro A, in cooperation with the contractor: G\u00dcLERMAK sp. z o.o. <\/p>\n<p><a href=\"https:\/\/wordpress.faneco.com\/metro-warszawa\/\" target=\"_blank\" rel=\"noopener\">See realization &#8211; Line 1<\/a><\/p>\n<p><a href=\"https:\/\/wordpress.faneco.com\/linia-m2-metra-w-warszawie\/\" target=\"_blank\" rel=\"noopener\">See realization &#8211; Line 2<\/a><\/p>\n\n    <\/div>\n\n<\/div><div class=\"item-contact-info\">\n\n    \n    <div class=\"item-contact-info__headerbox\">\n\n        <p>ZTM Pozna\u0144<\/p>\n\n    <\/div>\n\n    <div class=\"item-contact-info__content\">\n\n        <p>Supply and installation of islands of public toilets at the bus station \u201cRataje\u201d and \u201cSobieski\u201d.<\/p>\n<p><a href=\"https:\/\/wordpress.faneco.com\/wp-content\/uploads\/2025\/06\/Zarzad-Transpou-Miejskiego-Poznan.pdf\" target=\"_blank\" rel=\"noopener\">Reference letter<\/a><\/p>\n\n    <\/div>\n\n<\/div><div class=\"item-contact-info\">\n\n    \n    <div class=\"item-contact-info__headerbox\">\n\n        <p>ALDESA<\/p>\n\n    <\/div>\n\n    <div class=\"item-contact-info__content\">\n\n        <p>Supply of stainless steel equipment for Gliwice railway station.<\/p>\n<p><a href=\"https:\/\/wordpress.faneco.com\/wp-content\/uploads\/2025\/06\/Aldesa-Warszawa.pdf\" target=\"_blank\" rel=\"noopener\">Reference letter<\/a><\/p>\n\n    <\/div>\n\n<\/div><div class=\"item-contact-info\">\n\n    \n    <div class=\"item-contact-info__headerbox\">\n\n        <p>Gdansk G\u0142\u00f3wny railway station<\/p>\n\n    <\/div>\n\n    <div class=\"item-contact-info__content\">\n\n        <p>Delivery and installation of equipment for toilets at Gda\u0144sk G\u0142\u00f3wny railway station &#8211; in cooperation with the general contractor: Mostostal Warszawa.<\/p>\n<p><a href=\"https:\/\/wordpress.faneco.com\/gdansk-glowny-dworzec-pkp\/\" target=\"_blank\" rel=\"noopener\">See realization<\/a>.<\/p>\n\n    <\/div>\n\n<\/div>\n        <\/div>\n\n    \n<\/div><div class=\"item-contact-department\">\n\n    <h2 class=\"item-contact-department__title\">\n\n        Penitentiary facilities\n    <\/h2>\n\n    \n        <div class=\"item-contact-department__contentbox\">\n\n            <div class=\"item-contact-info\">\n\n    \n    <div class=\"item-contact-info__headerbox\">\n\n        <p>DAHLGERA<\/p>\n\n    <\/div>\n\n    <div class=\"item-contact-info__content\">\n\n        <p>Supply of vandal-proof sanitary equipment at the \u201cMaximum Security Penitentiary\u201d in Mariampol, Lithuania.<\/p>\n<p><a href=\"https:\/\/wordpress.faneco.com\/wp-content\/uploads\/2025\/06\/Dahlgera-Vilnius.pdf\" target=\"_blank\" rel=\"noopener\">Letter of reference<\/a><\/p>\n\n    <\/div>\n\n<\/div>\n        <\/div>\n\n    \n<\/div><div class=\"item-contact-department\">\n\n    <h2 class=\"item-contact-department__title\">\n\n        Medical facilities\n    <\/h2>\n\n    \n        <div class=\"item-contact-department__contentbox\">\n\n            <div class=\"item-contact-info\">\n\n    \n    <div class=\"item-contact-info__headerbox\">\n\n        <p>Techpol Medical<\/p>\n\n    <\/div>\n\n    <div class=\"item-contact-info__content\">\n\n        <p>Cooperation in the supply of sanitary equipment to medical facilities.<\/p>\n<p><a href=\"https:\/\/wordpress.faneco.com\/wp-content\/uploads\/2025\/06\/Techpol-Medical-Lublin.pdf\" target=\"_blank\" rel=\"noopener\">Letter of reference<\/a><\/p>\n\n    <\/div>\n\n<\/div>\n        <\/div>\n\n    \n<\/div><div class=\"item-contact-department\">\n\n    <h2 class=\"item-contact-department__title\">\n\n        \n    <\/h2>\n\n    \n<\/div>\n        <\/div>\n\n    <\/section>\n\n<section class=\"register-form\">\n\n    <div class=\"container register-form__container\">\n\n        <div class=\"register-form__contentbox\">\n\n            <header class=\"register-form__headerbox\">\n\n                <p>Want to know more?<\/p>\n\n            <\/header>\n\n            <div class=\"register-form__desc\">\n\n                <p>Contact us<\/p>\n\n            <\/div>\n\n            \n                <img decoding=\"async\" src=\"https:\/\/b2b.faneco.com\/wp-content\/uploads\/2025\/05\/praca.png\" alt=\"\" class=\"register-form__image\" \/>\n\n            \n        <\/div>\n\n        <div class=\"register-form__form\">\n\n            \n<div class=\"wpcf7 no-js\" id=\"wpcf7-f644-o1\" lang=\"en-US\" dir=\"ltr\" data-wpcf7-id=\"644\">\n<div class=\"screen-reader-response\"><p role=\"status\" aria-live=\"polite\" aria-atomic=\"true\"><\/p> <ul><\/ul><\/div>\n<form action=\"\/en\/wp-json\/wp\/v2\/pages\/1740#wpcf7-f644-o1\" method=\"post\" class=\"wpcf7-form init\" aria-label=\"Contact form\" novalidate=\"novalidate\" data-status=\"init\">\n<fieldset class=\"hidden-fields-container\"><input type=\"hidden\" name=\"_wpcf7\" value=\"644\" \/><input type=\"hidden\" name=\"_wpcf7_version\" value=\"6.1.5\" \/><input type=\"hidden\" name=\"_wpcf7_locale\" value=\"en_US\" \/><input type=\"hidden\" name=\"_wpcf7_unit_tag\" value=\"wpcf7-f644-o1\" \/><input type=\"hidden\" name=\"_wpcf7_container_post\" value=\"0\" \/><input type=\"hidden\" name=\"_wpcf7_posted_data_hash\" value=\"\" \/><input type=\"hidden\" name=\"_wpcf7_recaptcha_response\" value=\"\" \/>\n<\/fieldset>\n<label>  Name\n    <span class=\"wpcf7-form-control-wrap\" data-name=\"your-name\"><input size=\"40\" maxlength=\"400\" class=\"wpcf7-form-control wpcf7-text wpcf7-validates-as-required\" aria-required=\"true\" aria-invalid=\"false\" value=\"\" type=\"text\" name=\"your-name\" \/><\/span> <\/label>\n\n<label>  Your e-mail address\n    <span class=\"wpcf7-form-control-wrap\" data-name=\"your-email\"><input size=\"40\" maxlength=\"400\" class=\"wpcf7-form-control wpcf7-email wpcf7-validates-as-required wpcf7-text wpcf7-validates-as-email\" aria-required=\"true\" aria-invalid=\"false\" value=\"\" type=\"email\" name=\"your-email\" \/><\/span> <\/label>\n\n<label>  Phone\n    <span class=\"wpcf7-form-control-wrap\" data-name=\"phone\"><input size=\"40\" maxlength=\"400\" class=\"wpcf7-form-control wpcf7-text\" aria-invalid=\"false\" value=\"\" type=\"text\" name=\"phone\" \/><\/span> <\/label>\n\n<label>  Message  \n    <span class=\"wpcf7-form-control-wrap\" data-name=\"your-message\"><textarea cols=\"40\" rows=\"4\" maxlength=\"2000\" class=\"wpcf7-form-control wpcf7-textarea\" aria-invalid=\"false\" name=\"your-message\"><\/textarea><\/span> <\/label>\n\n<span class=\"wpcf7-form-control-wrap\" data-name=\"acceptance-1\"><span class=\"wpcf7-form-control wpcf7-acceptance\"><span class=\"wpcf7-list-item\"><label><input type=\"checkbox\" name=\"acceptance-1\" value=\"1\" aria-invalid=\"false\" \/><span class=\"wpcf7-list-item-label\">I confirm that I have familiarized myself with  <a href=\"https:\/\/wordpress.faneco.com\/polityka-prywatnosci\/\" target=\"_blank\" rel=\"noopener\">privacy policy of Faneco Ltd.   <\/a><\/span><\/label><\/span><\/span><\/span>\n<span class=\"wpcf7-form-control-wrap\" data-name=\"acceptance-2\"><span class=\"wpcf7-form-control wpcf7-acceptance optional\"><span class=\"wpcf7-list-item\"><label><input type=\"checkbox\" name=\"acceptance-2\" value=\"1\" aria-invalid=\"false\" \/><span class=\"wpcf7-list-item-label\">I agree to be contacted by Faneco for marketing purposes (e.g. offer, news). I can withdraw my consent at any time.<\/span><\/label><\/span><\/span><\/span>\n\n<input class=\"wpcf7-form-control wpcf7-submit has-spinner button button--white\" type=\"submit\" value=\"Send\" \/><div class=\"wpcf7-response-output\" aria-hidden=\"true\"><\/div>\n<\/form>\n<\/div>\n\n        <\/div>\n\n    <\/div>\n\n<\/section>\n\n\n","protected":false},"excerpt":{"rendered":"","protected":false},"author":3,"featured_media":0,"parent":0,"menu_order":4,"comment_status":"closed","ping_status":"closed","template":"","meta":{"_acf_changed":false,"footnotes":""},"class_list":["post-1740","page","type-page","status-publish","hentry"],"acf":[],"_links":{"self":[{"href":"https:\/\/b2b.faneco.com\/en\/wp-json\/wp\/v2\/pages\/1740","targetHints":{"allow":["GET"]}}],"collection":[{"href":"https:\/\/b2b.faneco.com\/en\/wp-json\/wp\/v2\/pages"}],"about":[{"href":"https:\/\/b2b.faneco.com\/en\/wp-json\/wp\/v2\/types\/page"}],"author":[{"embeddable":true,"href":"https:\/\/b2b.faneco.com\/en\/wp-json\/wp\/v2\/users\/3"}],"replies":[{"embeddable":true,"href":"https:\/\/b2b.faneco.com\/en\/wp-json\/wp\/v2\/comments?post=1740"}],"version-history":[{"count":1,"href":"https:\/\/b2b.faneco.com\/en\/wp-json\/wp\/v2\/pages\/1740\/revisions"}],"predecessor-version":[{"id":1741,"href":"https:\/\/b2b.faneco.com\/en\/wp-json\/wp\/v2\/pages\/1740\/revisions\/1741"}],"wp:attachment":[{"href":"https:\/\/b2b.faneco.com\/en\/wp-json\/wp\/v2\/media?parent=1740"}],"curies":[{"name":"wp","href":"https:\/\/api.w.org\/{rel}","templated":true}]}}